{"id":191,"date":"2019-08-30T16:03:48","date_gmt":"2019-08-30T07:03:48","guid":{"rendered":"https:\/\/keiyu.or.jp\/buerger\/?page_id=191"},"modified":"2021-05-11T12:53:53","modified_gmt":"2021-05-11T03:53:53","slug":"contact","status":"publish","type":"page","link":"https:\/\/keiyu.or.jp\/buerger\/contact\/","title":{"rendered":"\u304a\u554f\u3044\u5408\u308f\u305b"},"content":{"rendered":"<h3 class=\"title_txt\">\u304a\u96fb\u8a71\u3067\u306e\u304a\u554f\u3044\u5408\u308f\u305b<\/h3>\n<p>\u3054\u8cea\u554f\u3084\u3054\u76f8\u8ac7\u306a\u3069\u3054\u3056\u3044\u307e\u3057\u305f\u3089\u3001\u304a\u6c17\u8efd\u306b\u304a\u554f\u3044\u5408\u308f\u305b\u304f\u3060\u3055\u3044\u3002<br \/>\nTEL <span style=\"font-size: 24pt; color: #ff00ff;\">0297-47-9955<\/span><br \/>\n\u3064\u304f\u3070\u8840\u7ba1\u30bb\u30f3\u30bf\u30fc \u76f4\u901a<br \/>\n\u53d7\u4ed8\u6642\u9593\u30009:00\u301c17:00\uff08\u6c34\u65e5\u795d\u9664\u304f\uff09<\/p>\n<h3>\u30e1\u30fc\u30eb\u30d5\u30a9\u30fc\u30e0\u3067\u306e\u304a\u554f\u3044\u5408\u308f\u305b<\/h3>\n<ul>\n<li>\u30e1\u30fc\u30eb\u76f8\u8ac7\u3092\u3055\u308c\u308b\u5834\u5408\u306b\u306f\u5fc5\u305a\u3054\u81ea\u8eab\u306e\u30e1\u30fc\u30eb\u30a2\u30c9\u30ec\u30b9\u3092\u518d\u5ea6\u78ba\u8a8d\u3057\u3066\u304b\u3089\u3001\u9001\u4fe1\u30dc\u30bf\u30f3\u3092\u304a\u3057\u3066\u4e0b\u3055\u3044\u3002<\/li>\n<li>\u30e1\u30fc\u30eb\u76f8\u8ac7\u3092\u3055\u308c\u305f\u5834\u5408\u306b\u306f\u9045\u304f\u3068\u30822\uff5e3\u65e5\uff08\u9577\u671f\u4f11\u307f\u3092\u9664\u304f\uff09\u3067\u62c5\u5f53\u533b\u3078\u8ee2\u9001\u3059\u308b\u3088\u3046\u306b\u3057\u3066\u3044\u307e\u3059\u3002<\/li>\n<li>\u3057\u3070\u3089\u304f\u3057\u3066\u3082\u8fd4\u4fe1\uff08\u56de\u7b54\uff09\u306e\u30e1\u30fc\u30eb\u304c\u5c4a\u304b\u306a\u3044\u5834\u5408\u306b\u306f\u3054\u81ea\u8eab\u306e\u30e1\u30fc\u30eb\u30a2\u30c9\u30ec\u30b9\u3092\u518d\u5ea6\u78ba\u8a8d\u3057\u3001\u304a\u624b\u6570\u3067\u3059\u304c\u3001\u518d\u5ea6\u9001\u4fe1\u3057\u3066\u4e0b\u3055\u3044\u3002<\/li>\n<\/ul>\n<p>\u4ee5\u4e0b\u306e\u3088\u3046\u306a\u5185\u5bb9\u306e\u30e1\u30fc\u30eb\u306f\u304a\u5c4a\u3051\u3059\u308b\u3053\u3068\u304c\u51fa\u6765\u307e\u305b\u3093\u3002<\/p>\n<ul>\n<li>\u8ab9\u8b17\u30fb\u4e2d\u50b7<\/li>\n<li>\u6cd5\u5f8b\u30fb\u6761\u4f8b\u306a\u3069\u306b\u89e6\u308c\u308b\u304a\u305d\u308c\u306e\u3042\u308b\u8a18\u8ff0\u3001\u307e\u305f\u306f\u305d\u308c\u306b\u985e\u3059\u308b\u5185\u5bb9\u304c\u542b\u307e\u308c\u308b\u3082\u306e<\/li>\n<\/ul>\n<div class=\"box1\">\n<div class=\"wpcf7 no-js\" id=\"wpcf7-f7-o1\" lang=\"ja\" dir=\"ltr\" data-wpcf7-id=\"7\">\n<div class=\"screen-reader-response\"><p role=\"status\" aria-live=\"polite\" aria-atomic=\"true\"><\/p> <ul><\/ul><\/div>\n<form action=\"\/buerger\/wp-json\/wp\/v2\/pages\/191#wpcf7-f7-o1\" method=\"post\" class=\"wpcf7-form init\" aria-label=\"\u30b3\u30f3\u30bf\u30af\u30c8\u30d5\u30a9\u30fc\u30e0\" enctype=\"multipart\/form-data\" novalidate=\"novalidate\" data-status=\"init\">\n<fieldset class=\"hidden-fields-container\"><input type=\"hidden\" name=\"_wpcf7\" value=\"7\" \/><input type=\"hidden\" name=\"_wpcf7_version\" value=\"6.1.5\" \/><input type=\"hidden\" name=\"_wpcf7_locale\" value=\"ja\" \/><input type=\"hidden\" name=\"_wpcf7_unit_tag\" value=\"wpcf7-f7-o1\" \/><input type=\"hidden\" name=\"_wpcf7_container_post\" value=\"0\" \/><input type=\"hidden\" name=\"_wpcf7_posted_data_hash\" value=\"\" \/>\n<\/fieldset>\n<table class=\"table table-bordered table-striped table-contactform7\">\n\t<tr>\n\t\t<th>\n\t\t\t<p><span class=\"required-contactform7\">\u5fc5\u9808<\/span><span class=\"title-contactform7\">\u304a\u540d\u524d <\/span>\n\t\t\t<\/p>\n\t\t<\/th>\n\t\t<td>\n\t\t\t<p><span class=\"wpcf7-form-control-wrap\" data-name=\"your-name\"><input size=\"40\" maxlength=\"400\" class=\"wpcf7-form-control wpcf7-text wpcf7-validates-as-required\" aria-required=\"true\" aria-invalid=\"false\" placeholder=\"\u4f8b\uff1a\u5c71\u7530\u3000\u82b1\u5b50\" value=\"\" type=\"text\" name=\"your-name\" \/><\/span>\n\t\t\t<\/p>\n\t\t<\/td>\n\t<\/tr>\n\t<tr>\n\t\t<th>\n\t\t\t<p><span class=\"required-contactform7\">\u5fc5\u9808<\/span><span class=\"title-contactform7\">\u5e74\u9f62 <\/span>\n\t\t\t<\/p>\n\t\t<\/th>\n\t\t<td>\n\t\t\t<p><span class=\"wpcf7-form-control-wrap\" data-name=\"number-101\"><input class=\"wpcf7-form-control wpcf7-number wpcf7-validates-as-required wpcf7-validates-as-number\" min=\"10\" max=\"100\" aria-required=\"true\" aria-invalid=\"false\" value=\"\" type=\"number\" name=\"number-101\" \/><\/span>\n\t\t\t<\/p>\n\t\t<\/td>\n\t<\/tr>\n\t<tr>\n\t\t<th>\n\t\t\t<p><span class=\"required-contactform7\">\u5fc5\u9808<\/span><span class=\"title-contactform7\">\u30e1\u30fc\u30eb\u30a2\u30c9\u30ec\u30b9 <\/span>\n\t\t\t<\/p>\n\t\t<\/th>\n\t\t<td>\n\t\t\t<p><span class=\"wpcf7-form-control-wrap\" data-name=\"your-email\"><input size=\"40\" maxlength=\"400\" class=\"wpcf7-form-control wpcf7-email wpcf7-validates-as-required wpcf7-text wpcf7-validates-as-email\" aria-required=\"true\" aria-invalid=\"false\" placeholder=\"\u4f8b\uff1a\u00d7\u00d7\u00d7@\u00d7\u00d7\u00d7.co.jp\" value=\"\" type=\"email\" name=\"your-email\" \/><\/span>\n\t\t\t<\/p>\n\t\t<\/td>\n\t<\/tr>\n\t<tr>\n\t\t<th>\n\t\t\t<p><span class=\"required-contactform7-2\">\u3000\u3000<\/span><span class=\"title-contactform7\">\u3054\u4f4f\u6240<\/span>\n\t\t\t<\/p>\n\t\t<\/th>\n\t\t<td class=\"address-100\">\n\t\t\t<p><span class=\"wpcf7-form-control-wrap\" data-name=\"addr\"><input size=\"40\" maxlength=\"400\" class=\"wpcf7-form-control wpcf7-text\" id=\"addr\" aria-invalid=\"false\" placeholder=\"\u4f8b\uff1a\u5b88\u8c37\u5e02\u7acb\u6ca2980-1\" value=\"\" type=\"text\" name=\"addr\" \/><\/span>\n\t\t\t<\/p>\n\t\t<\/td>\n\t<\/tr>\n\t<tr>\n\t\t<th>\n\t\t\t<p><span class=\"required-contactform7-2\">\u3000\u3000<\/span><span class=\"title-contactform7\">\u304a\u96fb\u8a71\u756a\u53f7<\/span>\n\t\t\t<\/p>\n\t\t<\/th>\n\t\t<td>\n\t\t\t<p><span class=\"wpcf7-form-control-wrap\" data-name=\"text-17\"><input size=\"40\" maxlength=\"400\" class=\"wpcf7-form-control wpcf7-text\" aria-invalid=\"false\" placeholder=\"\u4f8b\uff1a0297-00-0000\" value=\"\" type=\"text\" name=\"text-17\" \/><\/span>\n\t\t\t<\/p>\n\t\t<\/td>\n\t<\/tr>\n\t<tr>\n\t\t<th>\n\t\t\t<p><span class=\"required-contactform7\">\u5fc5\u9808<\/span><span class=\"title-contactform7\">\u3054\u76f8\u8ac7\u5185\u5bb9 <\/span>\n\t\t\t<\/p>\n\t\t<\/th>\n\t\t<td>\n\t\t\t<p><span class=\"wpcf7-form-control-wrap\" data-name=\"radio-256\"><span class=\"wpcf7-form-control wpcf7-radio\"><span class=\"wpcf7-list-item first\"><label><input type=\"radio\" name=\"radio-256\" value=\"\u75c5\u9662\u3078\u306e\u304a\u554f\u3044\u5408\u308f\u305b\" \/><span class=\"wpcf7-list-item-label\">\u75c5\u9662\u3078\u306e\u304a\u554f\u3044\u5408\u308f\u305b<\/span><\/label><\/span><span class=\"wpcf7-list-item\"><label><input type=\"radio\" name=\"radio-256\" value=\"\u75c5\u6c17\u306b\u3064\u3044\u3066\u306e\u3054\u76f8\u8ac7\" \/><span class=\"wpcf7-list-item-label\">\u75c5\u6c17\u306b\u3064\u3044\u3066\u306e\u3054\u76f8\u8ac7<\/span><\/label><\/span><span class=\"wpcf7-list-item last\"><label><input type=\"radio\" name=\"radio-256\" value=\"\u305d\u306e\u4ed6\u306e\u3054\u76f8\u8ac7\" \/><span class=\"wpcf7-list-item-label\">\u305d\u306e\u4ed6\u306e\u3054\u76f8\u8ac7<\/span><\/label><\/span><\/span><\/span>\n\t\t\t<\/p>\n\t\t<\/td>\n\t<\/tr>\n\t<tr>\n\t\t<th>\n\t\t\t<p><span class=\"required-contactform7\">\u5fc5\u9808<\/span><span class=\"title-contactform7\">\u30e1\u30c3\u30bb\u30fc\u30b8\u672c\u6587 <\/span>\n\t\t\t<\/p>\n\t\t<\/th>\n\t\t<td class=\"message-100\">\n\t\t\t<p><span class=\"wpcf7-form-control-wrap\" data-name=\"your-message\"><textarea cols=\"40\" rows=\"10\" maxlength=\"2000\" class=\"wpcf7-form-control wpcf7-textarea wpcf7-validates-as-required\" aria-required=\"true\" aria-invalid=\"false\" placeholder=\"\u75c5\u72b6\u30fb\u8a3a\u5bdf\u5185\u5bb9\u306a\u3069\" name=\"your-message\"><\/textarea><\/span>\n\t\t\t<\/p>\n\t\t<\/td>\n\t<\/tr>\n\t<tr>\n\t\t<th>\n\t\t\t<p><span class=\"title-contactform7\">\u60a3\u90e8\u306e\u753b\u50cf\u304c\u3042\u308b\u5834\u5408\u306f\u6dfb\u4ed8\u3057\u3066\u304f\u3060\u3055\u3044<\/span>\n\t\t\t<\/p>\n\t\t<\/th>\n\t\t<td>\n\t\t\t<p><span class=\"wpcf7-form-control-wrap\" data-name=\"file-717\"><input size=\"40\" class=\"wpcf7-form-control wpcf7-file\" accept=\"audio\/*,video\/*,image\/*\" aria-invalid=\"false\" type=\"file\" name=\"file-717\" \/><\/span>\n\t\t\t<\/p>\n\t\t<\/td>\n\t<\/tr>\n<\/table>\n<p><span class=\"wpcf7-form-control-wrap\" data-name=\"acceptance-905\"><span class=\"wpcf7-form-control wpcf7-acceptance\"><span class=\"wpcf7-list-item\"><input type=\"checkbox\" name=\"acceptance-905\" value=\"1\" aria-invalid=\"false\" \/><\/span><\/span><\/span>\u3000\u4e0a\u8a18\u306e\u5185\u5bb9\u3067\u9001\u4fe1\u3057\u307e\u3059\u304c\u3088\u308d\u3057\u3044\u3067\u3059\u304b\uff1f\u3088\u308d\u3057\u3051\u308c\u3070\u30c1\u30a7\u30c3\u30af\u3092\u3057\u3066\u3044\u305f\u3060\u304d\u9001\u4fe1\u30dc\u30bf\u30f3\u3092\u30af\u30ea\u30c3\u30af\u3057\u3066\u304f\u3060\u3055\u3044\u3002\n<\/p>\n<p class=\"text-xs-center\"><input class=\"wpcf7-form-control wpcf7-submit has-spinner btn btn-success btn-lg\" type=\"submit\" value=\"\u9001\u4fe1\u3059\u308b\" \/>\n<\/p><div class=\"wpcf7-response-output\" aria-hidden=\"true\"><\/div>\n<\/form>\n<\/div>\n<\/div>\n","protected":false},"excerpt":{"rendered":"<p>\u304a\u96fb\u8a71\u3067\u306e\u304a\u554f\u3044\u5408\u308f\u305b \u3054\u8cea\u554f\u3084\u3054\u76f8\u8ac7\u306a\u3069\u3054\u3056\u3044\u307e\u3057\u305f\u3089\u3001\u304a\u6c17\u8efd\u306b\u304a\u554f\u3044\u5408\u308f\u305b\u304f\u3060\u3055\u3044\u3002 TEL 0297-47-9955 \u3064\u304f\u3070\u8840\u7ba1\u30bb\u30f3\u30bf\u30fc \u76f4\u901a \u53d7\u4ed8\u6642\u9593\u30009:00\u301c17:00\uff08\u6c34\u65e5\u795d\u9664\u304f\uff09 \u30e1\u30fc\u30eb\u30d5\u30a9\u30fc\u30e0\u3067\u306e\u304a\u554f\u3044 [&hellip;]<\/p>\n","protected":false},"author":1,"featured_media":0,"parent":0,"menu_order":100,"comment_status":"closed","ping_status":"closed","template":"_g2\/page-onecolumn.php","meta":{"vkexunit_cta_each_option":"","footnotes":""},"class_list":["post-191","page","type-page","status-publish","hentry"],"_links":{"self":[{"href":"https:\/\/keiyu.or.jp\/buerger\/wp-json\/wp\/v2\/pages\/191","targetHints":{"allow":["GET"]}}],"collection":[{"href":"https:\/\/keiyu.or.jp\/buerger\/wp-json\/wp\/v2\/pages"}],"about":[{"href":"https:\/\/keiyu.or.jp\/buerger\/wp-json\/wp\/v2\/types\/page"}],"author":[{"embeddable":true,"href":"https:\/\/keiyu.or.jp\/buerger\/wp-json\/wp\/v2\/users\/1"}],"replies":[{"embeddable":true,"href":"https:\/\/keiyu.or.jp\/buerger\/wp-json\/wp\/v2\/comments?post=191"}],"version-history":[{"count":12,"href":"https:\/\/keiyu.or.jp\/buerger\/wp-json\/wp\/v2\/pages\/191\/revisions"}],"predecessor-version":[{"id":389,"href":"https:\/\/keiyu.or.jp\/buerger\/wp-json\/wp\/v2\/pages\/191\/revisions\/389"}],"wp:attachment":[{"href":"https:\/\/keiyu.or.jp\/buerger\/wp-json\/wp\/v2\/media?parent=191"}],"curies":[{"name":"wp","href":"https:\/\/api.w.org\/{rel}","templated":true}]}}